{"id":1031,"date":"2025-02-02T14:18:14","date_gmt":"2025-02-02T14:18:14","guid":{"rendered":"https:\/\/www.hsdredging.com\/?post_type=product&#038;p=1031"},"modified":"2025-12-12T14:34:57","modified_gmt":"2025-12-12T06:34:57","slug":"expansion-joint-with-sandwich-flange","status":"publish","type":"product","link":"https:\/\/www.hsdredging.com\/pt\/produto\/expansion-joint-with-sandwich-flange\/","title":{"rendered":"Junta de dilata\u00e7\u00e3o com flange sandwich"},"content":{"rendered":"<h2>Junta de dilata\u00e7\u00e3o com flange sandwich<\/h2>\n<p>The expansion joint is a short-length rubber hose primarily used on dredgers to connect the dredge pump with the pipeline, as well as pipelines on the deck. Thanks to the flexibility of the hose body, it provides a certain amount of extension and compression to compensate for pipeline gaps, facilitating equipment installation and maintenance. During operation, the expansion joint offers excellent vibration-damping performance, helping protect the equipment.<\/p>\n<p><img fetchpriority=\"high\" decoding=\"async\" class=\"alignnone wp-image-2087 size-full\" src=\"https:\/\/www.hsdredging.com\/wp-content\/uploads\/2025\/02\/\u80f6\u6cd5\u5170\u4f38\u7f29\u8282_1000x750.jpg\" alt=\"\" width=\"1000\" height=\"750\" srcset=\"https:\/\/www.hsdredging.com\/wp-content\/uploads\/2025\/02\/\u80f6\u6cd5\u5170\u4f38\u7f29\u8282_1000x750.jpg 1000w, https:\/\/www.hsdredging.com\/wp-content\/uploads\/2025\/02\/\u80f6\u6cd5\u5170\u4f38\u7f29\u8282_1000x750-300x225.jpg 300w, https:\/\/www.hsdredging.com\/wp-content\/uploads\/2025\/02\/\u80f6\u6cd5\u5170\u4f38\u7f29\u8282_1000x750-768x576.jpg 768w, https:\/\/www.hsdredging.com\/wp-content\/uploads\/2025\/02\/\u80f6\u6cd5\u5170\u4f38\u7f29\u8282_1000x750-600x450.jpg 600w\" sizes=\"(max-width: 1000px) 100vw, 1000px\" \/><\/p>\n<h3><strong><span style=\"vertical-align: inherit;\">Specifications:<\/span><\/strong><\/h3>\n<table style=\"height: 557px;\" width=\"572\">\n<tbody>\n<tr>\n<td><b><span style=\"vertical-align: inherit;\">Descriptions<\/span><\/b><\/td>\n<td><b><span style=\"vertical-align: inherit;\">Details<\/span><\/b><\/td>\n<\/tr>\n<tr>\n<td><b><span style=\"vertical-align: inherit;\">Nome do produto<\/span><\/b><\/td>\n<td>Junta de dilata\u00e7\u00e3o com flange de a\u00e7o<\/td>\n<\/tr>\n<tr>\n<td><span style=\"vertical-align: inherit;\">Origin<\/span><\/td>\n<td><span style=\"vertical-align: inherit;\">China<\/span><\/td>\n<\/tr>\n<tr>\n<td><span style=\"vertical-align: inherit;\">Inner Diameter(ID)<\/span><\/td>\n<td><span style=\"vertical-align: inherit;\">100-1300mm<\/span><\/td>\n<\/tr>\n<tr>\n<td><span style=\"vertical-align: inherit;\">Length<\/span><\/td>\n<td><span style=\"vertical-align: inherit;\">200-1000mm<\/span><\/td>\n<\/tr>\n<tr>\n<td><span style=\"vertical-align: inherit;\">Working Pressure(WP)<\/span><\/td>\n<td><span style=\"vertical-align: inherit;\">-0.1~3Mpa<\/span><\/td>\n<\/tr>\n<tr>\n<td><span style=\"vertical-align: inherit;\">Flange Type<\/span><\/td>\n<td><b><span style=\"vertical-align: inherit;\">Sandwich Flange<\/span><\/b><\/td>\n<\/tr>\n<tr>\n<td><span style=\"vertical-align: inherit;\">Application<br \/>\n<\/span><\/td>\n<td>Connect the dredge pump with the pipeline<\/td>\n<\/tr>\n<\/tbody>\n<\/table>\n<h3><b><span style=\"vertical-align: inherit;\">Key Benefits and Features:<\/span><\/b><\/h3>\n<ul>\n<li>Excellent flexibility, easily compensating for gaps between pipelines.<\/li>\n<li>Provides effective vibration damping during operation to protect connected equipment.<\/li>\n<li aria-level=\"1\">Easy to install and maintain, as its flexibility simplifies the installation and maintenance process.<\/li>\n<li aria-level=\"1\">Expansion joint can be designed to withstand conditions ranging from vacuum to high pressure, making it suitable for various working environments.<\/li>\n<\/ul>\n<p><img decoding=\"async\" class=\"alignnone wp-image-3528 size-full\" src=\"https:\/\/www.hsdredging.com\/wp-content\/uploads\/2025\/02\/\u94a2\u6cd5\u5170\u4f38\u7f29\u7ba1\u3001\u51cf\u9707\u7ba1-1000x750\u6c34\u5370_\u526f\u672c.jpg\" alt=\"\" width=\"1000\" height=\"750\" srcset=\"https:\/\/www.hsdredging.com\/wp-content\/uploads\/2025\/02\/\u94a2\u6cd5\u5170\u4f38\u7f29\u7ba1\u3001\u51cf\u9707\u7ba1-1000x750\u6c34\u5370_\u526f\u672c.jpg 1000w, https:\/\/www.hsdredging.com\/wp-content\/uploads\/2025\/02\/\u94a2\u6cd5\u5170\u4f38\u7f29\u7ba1\u3001\u51cf\u9707\u7ba1-1000x750\u6c34\u5370_\u526f\u672c-300x225.jpg 300w, https:\/\/www.hsdredging.com\/wp-content\/uploads\/2025\/02\/\u94a2\u6cd5\u5170\u4f38\u7f29\u7ba1\u3001\u51cf\u9707\u7ba1-1000x750\u6c34\u5370_\u526f\u672c-768x576.jpg 768w, https:\/\/www.hsdredging.com\/wp-content\/uploads\/2025\/02\/\u94a2\u6cd5\u5170\u4f38\u7f29\u7ba1\u3001\u51cf\u9707\u7ba1-1000x750\u6c34\u5370_\u526f\u672c-16x12.jpg 16w, https:\/\/www.hsdredging.com\/wp-content\/uploads\/2025\/02\/\u94a2\u6cd5\u5170\u4f38\u7f29\u7ba1\u3001\u51cf\u9707\u7ba1-1000x750\u6c34\u5370_\u526f\u672c-600x450.jpg 600w\" sizes=\"(max-width: 1000px) 100vw, 1000px\" \/><\/p>","protected":false},"excerpt":{"rendered":"<p>Agora pode escolher as solu\u00e7\u00f5es perfeitas de gruas de 200 toneladas para eleva\u00e7\u00e3o de cargas pesadas, concebidas para aplica\u00e7\u00f5es de constru\u00e7\u00e3o, fabrico pesado, constru\u00e7\u00e3o naval, aeroespacial, metalurgia e minera\u00e7\u00e3o, produ\u00e7\u00e3o de energia e transporte e log\u00edstica.<\/p>\n<p>&nbsp;<\/p>","protected":false},"featured_media":2087,"template":"","meta":[],"product_brand":[],"product_cat":[225],"product_tag":[],"class_list":{"0":"post-1031","1":"product","2":"type-product","3":"status-publish","4":"has-post-thumbnail","6":"product_cat-dredging-rubber-hose","8":"first","9":"instock","10":"shipping-taxable","11":"product-type-simple"},"_links":{"self":[{"href":"https:\/\/www.hsdredging.com\/pt\/wp-json\/wp\/v2\/product\/1031","targetHints":{"allow":["GET"]}}],"collection":[{"href":"https:\/\/www.hsdredging.com\/pt\/wp-json\/wp\/v2\/product"}],"about":[{"href":"https:\/\/www.hsdredging.com\/pt\/wp-json\/wp\/v2\/types\/product"}],"wp:featuredmedia":[{"embeddable":true,"href":"https:\/\/www.hsdredging.com\/pt\/wp-json\/wp\/v2\/media\/2087"}],"wp:attachment":[{"href":"https:\/\/www.hsdredging.com\/pt\/wp-json\/wp\/v2\/media?parent=1031"}],"wp:term":[{"taxonomy":"product_brand","embeddable":true,"href":"https:\/\/www.hsdredging.com\/pt\/wp-json\/wp\/v2\/product_brand?post=1031"},{"taxonomy":"product_cat","embeddable":true,"href":"https:\/\/www.hsdredging.com\/pt\/wp-json\/wp\/v2\/product_cat?post=1031"},{"taxonomy":"product_tag","embeddable":true,"href":"https:\/\/www.hsdredging.com\/pt\/wp-json\/wp\/v2\/product_tag?post=1031"}],"curies":[{"name":"wp","href":"https:\/\/api.w.org\/{rel}","templated":true}]}}